{"id":10,"date":"2014-01-30T17:03:16","date_gmt":"2014-01-30T16:03:16","guid":{"rendered":"http:\/\/kreega.com\/?page_id=10"},"modified":"2017-02-15T21:33:19","modified_gmt":"2017-02-15T20:33:19","slug":"livres","status":"publish","type":"page","link":"http:\/\/kreega.com\/zh\/kreega\/services\/livres\/","title":{"rendered":"\u56fe\u4e66"},"content":{"rendered":"<div class = 'socialMediaOnEveryPost'><div id=\"sgmbShare1-1\" class=\"sgmbShare jssocials-theme-classic sgmbWidget1-1\"><\/div><div class=\"dropdownWrapper dropdownWrapper1 dropdownWrapper-for-widget \" id=\"dropdownWrapper-for-widget\">\r\n\t\t\t\t\t\t<div class=\"dropdownLabel\" id=\"dropdownLabel-share-list\"><span class=\"sgmbButtonListLabel1\">Share List<\/span><\/div>\r\n\t\t\t\t\t\t<div class=\"dropdownPanel dropdownPanel1-1\">\r\n\t\t\t\t\t\t<\/div>\r\n\t\t\t\t\t<\/div><script>  SGMB_URL = \"http:\/\/kreega.com\/wp-content\/plugins\/social-media-builder\/\"; jQuery(\".dropdownWrapper\").hide(); SGMB_GOOGLE_ACOUNT = \"\"; <\/script><script type=\"text\/javascript\">\r\n\t\tjQuery(document).ready(function($){var widget = new SGMBWidget();widget.show({\"id\":\"1\",\"title\":\"All social buttons\",\"options\":{\"currentUrl\":\"1\",\"url\":\"\",\"shareText\":\"This is really interesting from Kreega website.\",\"fontSize\":\"10\",\"betweenButtons\":\"1px\",\"theme\":\"classic\",\"sgmbButtonsPosition\":\"topLeft\",\"socialTheme\":\"classic\",\"icon\":\"default\",\"buttonsPanelEffect\":\"No Effect\",\"buttonsEffect\":\"flip\",\"iconsEffect\":\"flip\",\"buttons\":\"{\\\"facebook\\\":{\\\"label\\\":\\\"Share\\\",\\\"icon\\\":\\\"default-facebook\\\"},\\\"twitter\\\":{\\\"label\\\":\\\"Tweet\\\",\\\"icon\\\":\\\"default-twitter\\\",\\\"via\\\":\\\"\\\",\\\"hashtags\\\":\\\"\\\"},\\\"pinterest\\\":{\\\"label\\\":\\\"Pin this\\\",\\\"icon\\\":\\\"default-pinterest\\\"},\\\"googleplus\\\":{\\\"label\\\":\\\"+1\\\",\\\"icon\\\":\\\"default-googleplus\\\"},\\\"linkedin\\\":{\\\"label\\\":\\\"Share\\\",\\\"icon\\\":\\\"default-linkedin\\\"},\\\"email\\\":{\\\"label\\\":\\\"E-mail\\\",\\\"icon\\\":\\\"default-email\\\"},\\\"mewe\\\":{\\\"label\\\":\\\"Share\\\",\\\"icon\\\":\\\"default-mewe\\\"}}\",\"roundButton\":\"\",\"showLabels\":\"\",\"showCounts\":\"\",\"showCenter\":\"on\",\"showButtonsAsList\":\"\",\"sgmbDropdownColor\":\"\",\"sgmbDropdownLabelFontSize\":\"14\",\"sgmbDropdownLabelColor\":\"\",\"showButtonsOnEveryPost\":\"on\",\"selectedOrExcluded\":\"\",\"showButtonsOnEveryPage\":\"\",\"textOnEveryPost\":\"\",\"showButtonsOnCustomPost\":\"\",\"textOnCustomPost\":\"\",\"showButtonsOnMobileDirect\":\"on\",\"showButtonsOnDesktopDirect\":\"on\",\"sgmbSelectedPages\":[\"\"],\"sgmbExcludedPosts\":[\"\"],\"sgmbSelectedCustomPosts\":[],\"showButtonsInPopup\":\"\",\"titleOfPopup\":\"\",\"descriptionOfPopup\":\"\",\"showPopupOnLoad\":\"\",\"showPopupOnScroll\":\"\",\"showPopupOnExit\":\"\",\"openSecondsOfPopup\":\"\",\"googleAnaliticsAccount\":\"\"},\"buttonOptions\":{\"facebook\":{\"label\":\"Share\",\"icon\":\"default-facebook\"},\"twitter\":{\"label\":\"Tweet\",\"icon\":\"default-twitter\",\"via\":\"\",\"hashtags\":\"\"},\"pinterest\":{\"label\":\"Pin this\",\"icon\":\"default-pinterest\"},\"googleplus\":{\"label\":\"+1\",\"icon\":\"default-googleplus\"},\"linkedin\":{\"label\":\"Share\",\"icon\":\"default-linkedin\"},\"email\":{\"label\":\"E-mail\",\"icon\":\"default-email\"},\"mewe\":{\"label\":\"Share\",\"icon\":\"default-mewe\"}},\"button\":[\"facebook\",\"twitter\",\"pinterest\",\"googleplus\",\"linkedin\",\"email\",\"mewe\"]}, 1, '', 'http:\/\/kreega.com\/wp-content\/uploads\/2014\/01\/332px-Quart_livre_tp-166x300.jpg', '', 'http:\/\/kreega.com\/zh\/kreega\/services\/livres\/'); });<\/script><\/div><script> jQuery(\".socialMediaOnEveryPost\").addClass(\"sgmb-left\") <\/script><p><\/p>\n<p><\/p>\n<figure id=\"attachment_84\" aria-describedby=\"caption-attachment-84\" style=\"width: 166px\" class=\"wp-caption alignright\"><a href=\"http:\/\/kreega.com\/wp-content\/uploads\/2014\/01\/332px-Quart_livre_tp.jpg\"><img decoding=\"async\" loading=\"lazy\" class=\"size-medium wp-image-84\" src=\"http:\/\/kreega.com\/wp-content\/uploads\/2014\/01\/332px-Quart_livre_tp-166x300.jpg\" alt=\"An old book\" width=\"166\" height=\"300\" srcset=\"http:\/\/kreega.com\/wp-content\/uploads\/2014\/01\/332px-Quart_livre_tp-166x300.jpg 166w, http:\/\/kreega.com\/wp-content\/uploads\/2014\/01\/332px-Quart_livre_tp.jpg 332w\" sizes=\"(max-width: 166px) 100vw, 166px\" \/><\/a><figcaption id=\"caption-attachment-84\" class=\"wp-caption-text\">Le Quart Livre de Pantagruel \u00e9crit par Fran\u00e7ois Rabelais, \u00e9dition de 1552.<\/figcaption><\/figure>\n<p>\u6cd5\u56fd\u662f\u4e16\u754c\u8457\u540d\u7684\u6587\u5b66\u4e0e\u827a\u672f\u4e4b\u56fd\uff0c\u5bf9\u4e2d\u56fd\u8bfb\u8005\u6709\u7740\u5f3a\u5927\u7684\u5438\u5f15\u529b\uff0c\u8fd9\u8981\u4e00\u65b9\u9762\u8981\u5f52\u529f\u4e8e19\u4e16\u7eaa\u5927\u91cf\u7684\u6cd5\u56fd\u6587\u5b66\u4f5c\u54c1\u88ab\u7ffb\u8bd1\u5230\u4e2d\u56fd\uff0c\u53e6\u4e00\u65b9\u9762\u4e24\u79cd\u6587\u5316\u5c3d\u7ba1\u5730\u57df\u9065\u8fdc\uff0c\u4f46\u662f\u81ea\u53e4\u4ee5\u6765\u5c31\u6ca1\u6709\u505c\u6b62\u8fc7\u4ea4\u6d41\u548c\u4e92\u76f8\u5f71\u54cd\u3002<\/p>\n<p>\u7136\u800c\u4eca\u65e5\u4e2d\u56fd\u7684\u56fe\u4e66\u5e02\u573a\uff0c\u5bf9\u6cd5\u56fd\u51fa\u7248\u7269\u7684\u5f15\u8fdb\u4e1d\u6beb\u4e0d\u80fd\u4e0e\u82f1\u8bed\u56fd\u5bb6\u76f8\u6bd4\u3002\u4e2d\u56fd\u5e02\u573a\u89d2\u8272\u5206\u914d\u548c\u5e02\u573a\u51c6\u5165\u7684\u673a\u5236\u5bf9\u4e8e\u6cd5\u56fd\u51fa\u7248\u754c\u6765\u8bf4\u4ecd\u7136\u6bd4\u8f83\u795e\u79d8\uff0c\u5f71\u54cd\u4e86\u6cd5\u56fd\u51fa\u7248\u7269\u5728\u4e2d\u56fd\u7684\u5e02\u573a\u5f00\u53d1\u3002\u4eca\u5929\u968f\u7740\u5e02\u573a\u673a\u5236\u7684\u5b8c\u5584\u548c\u793e\u4f1a\u7684\u5f00\u653e\uff0c\u6cd5\u56fd\u4f5c\u8005\u7684\u521b\u9020\u529b\u5bf9\u4e8e\u4e2d\u56fd\u6765\u8bf4\u662f\u4e00\u4e2a\u503c\u5f97\u5f00\u53d1\u7684\u5b9d\u85cf\u3002Kreega\u76f4\u9762\u4e2d\u56fd\u51fa\u7248\u5e02\u573a\uff0c\u5e2e\u52a9\u6cd5\u56fd\u51fa\u7248\u4eba\u6253\u5f00\u53e6\u4e00\u4e2a\u5e02\u573a\u3002<\/p>\n<p>\u4e2d\u56fd\u72ec\u7279\u7684\u7ecf\u6d4e\u3001\u793e\u4f1a\u548c\u6587\u5316\u80cc\u666f\u4ee5\u53ca\u60a0\u4e45\u7684\u5386\u53f2\u4e3a\u4eba\u7c7b\u6587\u660e\u521b\u9020\u4e86\u5e76\u4e14\u521b\u9020\u7740\u4e30\u5bcc\u7684\u5185\u5bb9\u3002\u6211\u4eec\u540c\u65f6\u5173\u6ce8\u4e2d\u56fd\u521b\u4f5c\uff0c\u641c\u7d22\u9002\u5408\u6cd5\u56fd\u8bfb\u8005\u671f\u5f85\u7684\u4f5c\u54c1\uff0c\u63a8\u8350\u7ed9\u6cd5\u56fd\u51fa\u7248\u4eba\u3002<\/p>\n<p>\u5982\u6709\u4efb\u4f55\u7591\u95ee\/\u5efa\u8bae\uff0c\u8bf7\u5199\u4fe1\u7ed9\u6211\u4eec : <a href=\"mailto:rights@kreega.com\">rights@kreega.com<\/a><\/p>\n<p>\u76f8\u5173\u94fe\u63a5 :<\/p>\n<ul>\n<li><a title=\"\u53c2\u8003\" href=\"http:\/\/kreega.com\/kreega\/reference\/\" target=\"_blank\">\u53c2\u8003<\/a><\/li>\n<li>\u4e66\u76ee ( \u5efa\u8bbe\u4e2d )<\/li>\n<li><a title=\"\u6cd5\u56fd\u56fd\u9645\u51fa\u7248\u534f\u4f1a\uff08BIEF\uff09\u5173\u4e8e\u4e2d\u56fd\u7684\u4fe1\u606f\" href=\"http:\/\/www.bief.org\/Pays-407-Asie---Oceanie\/Chine.html\" target=\"_blank\">\u6cd5\u56fd\u56fd\u9645\u51fa\u7248\u534f\u4f1a\uff08BIEF\uff09\u5173\u4e8e\u4e2d\u56fd\u7684\u4fe1\u606f<\/a>\u00a0(\u6cd5\u8bed)<\/li>\n<\/ul>\n<p><br \/>\n<\/p>","protected":false},"excerpt":{"rendered":"<p>Share List \u6cd5\u56fd\u662f\u4e16\u754c\u8457\u540d\u7684\u6587\u5b66\u4e0e\u827a\u672f\u4e4b\u56fd\uff0c\u5bf9\u4e2d\u56fd\u8bfb\u8005\u6709\u7740\u5f3a\u5927\u7684\u5438\u5f15\u529b\uff0c\u8fd9\u8981\u4e00\u65b9\u9762\u8981\u5f52\u529f\u4e8e19\u4e16\u7eaa\u5927 [&hellip;]<\/p>\n","protected":false},"author":1,"featured_media":0,"parent":96,"menu_order":0,"comment_status":"open","ping_status":"closed","template":"","meta":[],"_links":{"self":[{"href":"http:\/\/kreega.com\/zh\/wp-json\/wp\/v2\/pages\/10"}],"collection":[{"href":"http:\/\/kreega.com\/zh\/wp-json\/wp\/v2\/pages"}],"about":[{"href":"http:\/\/kreega.com\/zh\/wp-json\/wp\/v2\/types\/page"}],"author":[{"embeddable":true,"href":"http:\/\/kreega.com\/zh\/wp-json\/wp\/v2\/users\/1"}],"replies":[{"embeddable":true,"href":"http:\/\/kreega.com\/zh\/wp-json\/wp\/v2\/comments?post=10"}],"version-history":[{"count":28,"href":"http:\/\/kreega.com\/zh\/wp-json\/wp\/v2\/pages\/10\/revisions"}],"predecessor-version":[{"id":1927,"href":"http:\/\/kreega.com\/zh\/wp-json\/wp\/v2\/pages\/10\/revisions\/1927"}],"up":[{"embeddable":true,"href":"http:\/\/kreega.com\/zh\/wp-json\/wp\/v2\/pages\/96"}],"wp:attachment":[{"href":"http:\/\/kreega.com\/zh\/wp-json\/wp\/v2\/media?parent=10"}],"curies":[{"name":"wp","href":"https:\/\/api.w.org\/{rel}","templated":true}]}}